{"id":2,"date":"2014-11-21T04:51:49","date_gmt":"2014-11-21T04:51:49","guid":{"rendered":"http:\/\/localhost\/wordpress-4.0.1\/wordpress\/?page_id=2"},"modified":"2015-05-01T17:16:55","modified_gmt":"2015-05-01T17:16:55","slug":"sample-page","status":"publish","type":"page","link":"http:\/\/pole-namiotowe.org\/?page_id=2","title":{"rendered":"Oferta"},"content":{"rendered":"<p>Pole namiotowe i campingowe przeznaczone jest dla rodzin z dzie\u0107mi, oboz\u00f3w szkolnych i harcerskich, grup zorganizowanych oraz amator\u00f3w aktywnego wypoczynku. Oferujemy Pa\u0144stwu wiele atrakcji oraz gwarantujemy mi\u0142y i sympatyczny wypoczynek w naszym o\u015brodku.<\/p>\n<p>Na terenie Pola znajduj\u0105 si\u0119:<\/p>\n<p>-sklep spo\u017cywczy z ma\u0142\u0105 gastronomi\u0105<br \/>\n-toalety z prysznicami<br \/>\n-puszki do pr\u0105du z mo\u017cliwo\u015bci\u0105 pod\u0142\u0105czenia camping\u00f3w<br \/>\n-siedem domk\u00f3w czteroosobowych<br \/>\n-portiernia<br \/>\n-boisko do siatk\u00f3wki<br \/>\n-boisko do koszyk\u00f3wki<br \/>\n-st\u00f3\u0142 do tenisa<br \/>\n-k\u0105pielisko z pomostami<br \/>\n-sprz\u0119t wodny (cztery rowery wodne)<br \/>\n-kominek do grilla<br \/>\n-miejsce na ognisko<br \/>\n-teren zalesiony<br \/>\n-parking<br \/>\n-linia brzegowa jeziora D\u0142ugie znajduj\u0119 si\u0119 4 metry za ogrodzeniem Pola na d\u0142ugo\u015bci 150 metr\u00f3w<\/p>\n","protected":false},"excerpt":{"rendered":"<p>Pole namiotowe i campingowe przeznaczone jest dla rodzin z dzie\u0107mi, oboz\u00f3w szkolnych&hellip;<\/p>\n","protected":false},"author":1,"featured_media":138,"parent":0,"menu_order":0,"comment_status":"closed","ping_status":"closed","template":"","meta":{"footnotes":""},"class_list":["post-2","page","type-page","status-publish","has-post-thumbnail","hentry"],"_links":{"self":[{"href":"http:\/\/pole-namiotowe.org\/index.php?rest_route=\/wp\/v2\/pages\/2","targetHints":{"allow":["GET"]}}],"collection":[{"href":"http:\/\/pole-namiotowe.org\/index.php?rest_route=\/wp\/v2\/pages"}],"about":[{"href":"http:\/\/pole-namiotowe.org\/index.php?rest_route=\/wp\/v2\/types\/page"}],"author":[{"embeddable":true,"href":"http:\/\/pole-namiotowe.org\/index.php?rest_route=\/wp\/v2\/users\/1"}],"replies":[{"embeddable":true,"href":"http:\/\/pole-namiotowe.org\/index.php?rest_route=%2Fwp%2Fv2%2Fcomments&post=2"}],"version-history":[{"count":2,"href":"http:\/\/pole-namiotowe.org\/index.php?rest_route=\/wp\/v2\/pages\/2\/revisions"}],"predecessor-version":[{"id":31,"href":"http:\/\/pole-namiotowe.org\/index.php?rest_route=\/wp\/v2\/pages\/2\/revisions\/31"}],"wp:featuredmedia":[{"embeddable":true,"href":"http:\/\/pole-namiotowe.org\/index.php?rest_route=\/wp\/v2\/media\/138"}],"wp:attachment":[{"href":"http:\/\/pole-namiotowe.org\/index.php?rest_route=%2Fwp%2Fv2%2Fmedia&parent=2"}],"curies":[{"name":"wp","href":"https:\/\/api.w.org\/{rel}","templated":true}]}}